{"id":7725,"date":"2023-02-24T11:32:09","date_gmt":"2023-02-24T10:32:09","guid":{"rendered":"https:\/\/www.nonos.com\/online-shop\/kollektionen\/"},"modified":"2023-02-24T11:33:54","modified_gmt":"2023-02-24T10:33:54","slug":"collections","status":"publish","type":"page","link":"https:\/\/www.nonos.com\/en\/online-shop\/collections\/","title":{"rendered":"collections"},"content":{"rendered":"[vc_row type=&#8221;full_width_background&#8221; full_screen_row_position=&#8221;middle&#8221; column_margin=&#8221;default&#8221; column_direction=&#8221;default&#8221; column_direction_tablet=&#8221;default&#8221; column_direction_phone=&#8221;default&#8221; bg_color=&#8221;#f5eee7&#8243; scene_position=&#8221;center&#8221; top_padding=&#8221;3%&#8221; bottom_padding=&#8221;3%&#8221; text_color=&#8221;dark&#8221; text_align=&#8221;left&#8221; row_border_radius=&#8221;none&#8221; row_border_radius_applies=&#8221;bg&#8221; overflow=&#8221;visible&#8221; overlay_strength=&#8221;0.3&#8243; gradient_direction=&#8221;left_to_right&#8221; shape_divider_position=&#8221;bottom&#8221; bg_image_animation=&#8221;none&#8221; shape_type=&#8221;&#8221; gradient_type=&#8221;default&#8221;][vc_column column_padding=&#8221;no-extra-padding&#8221; column_padding_tablet=&#8221;inherit&#8221; column_padding_phone=&#8221;inherit&#8221; column_padding_position=&#8221;all&#8221; column_element_direction_desktop=&#8221;default&#8221; column_element_spacing=&#8221;default&#8221; desktop_text_alignment=&#8221;default&#8221; tablet_text_alignment=&#8221;default&#8221; phone_text_alignment=&#8221;default&#8221; background_color_opacity=&#8221;1&#8243; background_hover_color_opacity=&#8221;1&#8243; column_backdrop_filter=&#8221;none&#8221; column_shadow=&#8221;none&#8221; column_border_radius=&#8221;none&#8221; column_link_target=&#8221;_self&#8221; column_position=&#8221;default&#8221; gradient_direction=&#8221;left_to_right&#8221; overlay_strength=&#8221;0.3&#8243; width=&#8221;1\/1&#8243; tablet_width_inherit=&#8221;default&#8221; animation_type=&#8221;default&#8221; bg_image_animation=&#8221;none&#8221; border_type=&#8221;simple&#8221; column_border_width=&#8221;none&#8221; column_border_style=&#8221;solid&#8221;][vc_row_inner column_margin=&#8221;default&#8221; column_direction=&#8221;default&#8221; column_direction_tablet=&#8221;default&#8221; column_direction_phone=&#8221;default&#8221; text_align=&#8221;left&#8221; row_position=&#8221;default&#8221; row_position_tablet=&#8221;inherit&#8221; row_position_phone=&#8221;inherit&#8221; overflow=&#8221;visible&#8221; pointer_events=&#8221;all&#8221;][vc_column_inner column_padding=&#8221;padding-5-percent&#8221; column_padding_tablet=&#8221;inherit&#8221; column_padding_phone=&#8221;inherit&#8221; column_padding_position=&#8221;top-bottom&#8221; column_element_direction_desktop=&#8221;default&#8221; column_element_spacing=&#8221;default&#8221; desktop_text_alignment=&#8221;default&#8221; tablet_text_alignment=&#8221;default&#8221; phone_text_alignment=&#8221;default&#8221; background_color_opacity=&#8221;1&#8243; background_hover_color_opacity=&#8221;1&#8243; column_backdrop_filter=&#8221;none&#8221; column_shadow=&#8221;none&#8221; column_border_radius=&#8221;none&#8221; column_link_target=&#8221;_self&#8221; overflow=&#8221;visible&#8221; gradient_direction=&#8221;left_to_right&#8221; overlay_strength=&#8221;0.3&#8243; width=&#8221;1\/1&#8243; tablet_width_inherit=&#8221;default&#8221; animation_type=&#8221;default&#8221; bg_image_animation=&#8221;none&#8221; border_type=&#8221;simple&#8221; column_border_width=&#8221;none&#8221; column_border_style=&#8221;solid&#8221;][vc_column_text]\n<h1>Kunst online kaufen \u2013 die Unikate der Welte Schwestern werden Sie verzaubern<\/h1>\n<p>Wo zeitlose Formen auf ein breitgef\u00e4chertes Farbspektrum treffen, da beginnt die Marke NONOS. Als moderne und zeitgerechte K\u00fcnstlerinnen ist es unser Ziel, unsere Kunstwerke, Skulpturen und sonstigen Design-Objekte auch online darzustellen und Ihnen zum Verkauf anzubieten. Dabei ist ein Showroom der ganz besonderen Art entstanden, der unsere Kunstobjekte f\u00fcr den Bereich Indoor und Innendekoration ins perfekte Licht r\u00fcckt. In den Bereichen Porzellan, Schutzengel, Gl\u00fccksboten, Schalen, Tiere, Tische &amp; Kunstdrucke finden Sie unsere g\u00e4nzlich einzigartigen Unikate und Designs, die als Ihre pers\u00f6nliche Wohninspiration fungieren sollen.[\/vc_column_text][\/vc_column_inner][\/vc_row_inner][nectar_category_grid post_type=&#8221;products&#8221; product_category=&#8221;collection-2023,living-in-gold&#8221; text_content_alignment=&#8221;bottom_middle&#8221; heading_tag=&#8221;default&#8221; subtext=&#8221;custom&#8221; columns=&#8221;3&#8243; grid_item_spacing=&#8221;10px&#8221; image_loading=&#8221;default&#8221; grid_style=&#8221;content_overlaid&#8221; color_overlay=&#8221;#000000&#8243; color_overlay_opacity=&#8221;0.2&#8243; color_overlay_hover_opacity=&#8221;0.4&#8243; text_color=&#8221;light&#8221; text_color_hover=&#8221;light&#8221; shadow_on_hover=&#8221;yes&#8221; subtext_visibility=&#8221;always&#8221; orderby=&#8221;&#8221; order=&#8221;&#8221; text_style=&#8221;&#8221; color_strip_bg=&#8221;&#8221; color_strip_bg_hover=&#8221;&#8221; color_strip_text=&#8221;&#8221; color_strip_text_hover=&#8221;&#8221; block_sizing=&#8221;square&#8221; custom_subtext=&#8221;Shop Now&#8221;]<div class=\"nectar-social fixed\" data-position=\"left\" data-color-override=\"override\"><a href=\"#\"><i class=\"icon-default-style steadysets-icon-share\"><\/i><\/a><div class=\"nectar-social-inner\"><a class='facebook-share nectar-sharing' href='#' title='Share this'>  <i class='fa fa-facebook'><\/i> <span class='social-text'>Share<\/span> <\/a><a class='twitter-share nectar-sharing' href='#' title='Share this'> <i class='fa icon-salient-x-twitter'><\/i> <span class='social-text'>Share<\/span> <\/a><a class='linkedin-share nectar-sharing' href='#' title='Share this'> <i class='fa fa-linkedin'><\/i> <span class='social-text'>Share<\/span> <\/a><\/div><\/div>[vc_column_text]\n<h2>Kunst &amp; Innendekoration f\u00fcr Ihr Heim, B\u00fcro oder Ihre Yacht<\/h2>\n<p>Modernes Wohnen \u2013 egal ob zu Hause, im B\u00fcro oder auf der eigenen Yacht. Unsere Wohnideen stellen eine besondere Form des Interior Designs dar, welches Ihren Innenr\u00e4umen einen ganz eigenen Stil verleihen soll. Treten Sie ein in unseren Showroom und erleben Sie die perfekte Verschmelzung klassischer Kunstformen mit modernen Stilen, die beinahe zeitlos erscheinen.[\/vc_column_text][\/vc_column][\/vc_row]\n","protected":false},"excerpt":{"rendered":"<p>[vc_row type=&#8221;full_width_background&#8221; full_screen_row_position=&#8221;middle&#8221; column_margin=&#8221;default&#8221; column_direction=&#8221;default&#8221; column_direction_tablet=&#8221;default&#8221; column_direction_phone=&#8221;default&#8221; bg_color=&#8221;#f5eee7&#8243; scene_position=&#8221;center&#8221; top_padding=&#8221;3%&#8221; bottom_padding=&#8221;3%&#8221; text_color=&#8221;dark&#8221; text_align=&#8221;left&#8221; row_border_radius=&#8221;none&#8221; row_border_radius_applies=&#8221;bg&#8221; overflow=&#8221;visible&#8221; overlay_strength=&#8221;0.3&#8243; gradient_direction=&#8221;left_to_right&#8221; shape_divider_position=&#8221;bottom&#8221; bg_image_animation=&#8221;none&#8221; shape_type=&#8221;&#8221; gradient_type=&#8221;default&#8221;][vc_column column_padding=&#8221;no-extra-padding&#8221; column_padding_tablet=&#8221;inherit&#8221; column_padding_phone=&#8221;inherit&#8221; column_padding_position=&#8221;all&#8221; column_element_direction_desktop=&#8221;default&#8221; column_element_spacing=&#8221;default&#8221; desktop_text_alignment=&#8221;default&#8221; tablet_text_alignment=&#8221;default&#8221;&#8230;<\/p>\n","protected":false},"author":1,"featured_media":0,"parent":4601,"menu_order":0,"comment_status":"closed","ping_status":"closed","template":"","meta":{"_acf_changed":false,"footnotes":""},"class_list":["post-7725","page","type-page","status-publish"],"acf":[],"yoast_head":"<!-- This site is optimized with the Yoast SEO plugin v27.5 - https:\/\/yoast.com\/product\/yoast-seo-wordpress\/ -->\n<title>Kunst Produkte &amp; Designs | Online Shop | Nonos<\/title>\n<meta name=\"description\" content=\"Kunst online kaufen. Einzelst\u00fccke Interiordesign \u2713 Kunstgem\u00e4lde online \u2713 Skulpturen &amp; Kunstobjekte \u2713 Jetzt Innendekoration online kaufen!\" \/>\n<meta name=\"robots\" content=\"index, follow, max-snippet:-1, max-image-preview:large, max-video-preview:-1\" \/>\n<link rel=\"canonical\" href=\"https:\/\/www.nonos.com\/en\/online-shop\/collections\/\" \/>\n<meta property=\"og:locale\" content=\"en_US\" \/>\n<meta property=\"og:type\" content=\"article\" \/>\n<meta property=\"og:title\" content=\"Kunst Produkte &amp; Designs | Online Shop | Nonos\" \/>\n<meta property=\"og:description\" content=\"Kunst online kaufen. Einzelst\u00fccke Interiordesign \u2713 Kunstgem\u00e4lde online \u2713 Skulpturen &amp; Kunstobjekte \u2713 Jetzt Innendekoration online kaufen!\" \/>\n<meta property=\"og:url\" content=\"https:\/\/www.nonos.com\/en\/online-shop\/collections\/\" \/>\n<meta property=\"og:site_name\" content=\"www.nonos.com\" \/>\n<meta property=\"article:publisher\" content=\"https:\/\/www.facebook.com\/NonosWelte\" \/>\n<meta property=\"article:modified_time\" content=\"2023-02-24T10:33:54+00:00\" \/>\n<meta property=\"og:image\" content=\"https:\/\/www.nonos.com\/wp-content\/uploads\/2021\/03\/S02_8958-1-1-scaled.jpg\" \/>\n\t<meta property=\"og:image:width\" content=\"2560\" \/>\n\t<meta property=\"og:image:height\" content=\"1829\" \/>\n\t<meta property=\"og:image:type\" content=\"image\/jpeg\" \/>\n<meta name=\"twitter:card\" content=\"summary_large_image\" \/>\n<meta name=\"twitter:site\" content=\"@nonossisters\" \/>\n<meta name=\"twitter:label1\" content=\"Est. reading time\" \/>\n\t<meta name=\"twitter:data1\" content=\"2 minutes\" \/>\n<script type=\"application\/ld+json\" class=\"yoast-schema-graph\">{\"@context\":\"https:\\\/\\\/schema.org\",\"@graph\":[{\"@type\":\"WebPage\",\"@id\":\"https:\\\/\\\/www.nonos.com\\\/en\\\/online-shop\\\/collections\\\/\",\"url\":\"https:\\\/\\\/www.nonos.com\\\/en\\\/online-shop\\\/collections\\\/\",\"name\":\"Kunst Produkte & Designs | Online Shop | Nonos\",\"isPartOf\":{\"@id\":\"https:\\\/\\\/www.nonos.com\\\/#website\"},\"datePublished\":\"2023-02-24T10:32:09+00:00\",\"dateModified\":\"2023-02-24T10:33:54+00:00\",\"description\":\"Kunst online kaufen. Einzelst\u00fccke Interiordesign \u2713 Kunstgem\u00e4lde online \u2713 Skulpturen & Kunstobjekte \u2713 Jetzt Innendekoration online kaufen!\",\"breadcrumb\":{\"@id\":\"https:\\\/\\\/www.nonos.com\\\/en\\\/online-shop\\\/collections\\\/#breadcrumb\"},\"inLanguage\":\"en-US\",\"potentialAction\":[{\"@type\":\"ReadAction\",\"target\":[\"https:\\\/\\\/www.nonos.com\\\/en\\\/online-shop\\\/collections\\\/\"]}]},{\"@type\":\"BreadcrumbList\",\"@id\":\"https:\\\/\\\/www.nonos.com\\\/en\\\/online-shop\\\/collections\\\/#breadcrumb\",\"itemListElement\":[{\"@type\":\"ListItem\",\"position\":1,\"name\":\"Startseite\",\"item\":\"https:\\\/\\\/www.nonos.com\\\/en\\\/\"},{\"@type\":\"ListItem\",\"position\":2,\"name\":\"Collectible Art Objects\",\"item\":\"https:\\\/\\\/www.nonos.com\\\/en\\\/online-shop\\\/\"},{\"@type\":\"ListItem\",\"position\":3,\"name\":\"collections\"}]},{\"@type\":\"WebSite\",\"@id\":\"https:\\\/\\\/www.nonos.com\\\/#website\",\"url\":\"https:\\\/\\\/www.nonos.com\\\/\",\"name\":\"www.nonos.com\",\"description\":\"\",\"publisher\":{\"@id\":\"https:\\\/\\\/www.nonos.com\\\/#organization\"},\"potentialAction\":[{\"@type\":\"SearchAction\",\"target\":{\"@type\":\"EntryPoint\",\"urlTemplate\":\"https:\\\/\\\/www.nonos.com\\\/?s={search_term_string}\"},\"query-input\":{\"@type\":\"PropertyValueSpecification\",\"valueRequired\":true,\"valueName\":\"search_term_string\"}}],\"inLanguage\":\"en-US\"},{\"@type\":\"Organization\",\"@id\":\"https:\\\/\\\/www.nonos.com\\\/#organization\",\"name\":\"www.nonos.com\",\"url\":\"https:\\\/\\\/www.nonos.com\\\/\",\"logo\":{\"@type\":\"ImageObject\",\"inLanguage\":\"en-US\",\"@id\":\"https:\\\/\\\/www.nonos.com\\\/#\\\/schema\\\/logo\\\/image\\\/\",\"url\":\"https:\\\/\\\/www.nonos.com\\\/wp-content\\\/uploads\\\/2021\\\/07\\\/Logo_Franziska-Mercedes_Welte_WEB_gold-fade1.png\",\"contentUrl\":\"https:\\\/\\\/www.nonos.com\\\/wp-content\\\/uploads\\\/2021\\\/07\\\/Logo_Franziska-Mercedes_Welte_WEB_gold-fade1.png\",\"width\":818,\"height\":332,\"caption\":\"www.nonos.com\"},\"image\":{\"@id\":\"https:\\\/\\\/www.nonos.com\\\/#\\\/schema\\\/logo\\\/image\\\/\"},\"sameAs\":[\"https:\\\/\\\/www.facebook.com\\\/NonosWelte\",\"https:\\\/\\\/x.com\\\/nonossisters\",\"https:\\\/\\\/www.instagram.com\\\/nonos_sisters\\\/?hl=de\",\"https:\\\/\\\/www.youtube.com\\\/channel\\\/UCCwb7Mg3M3RfH7p3lacC6eQ\"]}]}<\/script>\n<!-- \/ Yoast SEO plugin. -->","yoast_head_json":{"title":"Kunst Produkte & Designs | Online Shop | Nonos","description":"Kunst online kaufen. Einzelst\u00fccke Interiordesign \u2713 Kunstgem\u00e4lde online \u2713 Skulpturen & Kunstobjekte \u2713 Jetzt Innendekoration online kaufen!","robots":{"index":"index","follow":"follow","max-snippet":"max-snippet:-1","max-image-preview":"max-image-preview:large","max-video-preview":"max-video-preview:-1"},"canonical":"https:\/\/www.nonos.com\/en\/online-shop\/collections\/","og_locale":"en_US","og_type":"article","og_title":"Kunst Produkte & Designs | Online Shop | Nonos","og_description":"Kunst online kaufen. Einzelst\u00fccke Interiordesign \u2713 Kunstgem\u00e4lde online \u2713 Skulpturen & Kunstobjekte \u2713 Jetzt Innendekoration online kaufen!","og_url":"https:\/\/www.nonos.com\/en\/online-shop\/collections\/","og_site_name":"www.nonos.com","article_publisher":"https:\/\/www.facebook.com\/NonosWelte","article_modified_time":"2023-02-24T10:33:54+00:00","og_image":[{"width":2560,"height":1829,"url":"https:\/\/www.nonos.com\/wp-content\/uploads\/2021\/03\/S02_8958-1-1-scaled.jpg","type":"image\/jpeg"}],"twitter_card":"summary_large_image","twitter_site":"@nonossisters","twitter_misc":{"Est. reading time":"2 minutes"},"schema":{"@context":"https:\/\/schema.org","@graph":[{"@type":"WebPage","@id":"https:\/\/www.nonos.com\/en\/online-shop\/collections\/","url":"https:\/\/www.nonos.com\/en\/online-shop\/collections\/","name":"Kunst Produkte & Designs | Online Shop | Nonos","isPartOf":{"@id":"https:\/\/www.nonos.com\/#website"},"datePublished":"2023-02-24T10:32:09+00:00","dateModified":"2023-02-24T10:33:54+00:00","description":"Kunst online kaufen. Einzelst\u00fccke Interiordesign \u2713 Kunstgem\u00e4lde online \u2713 Skulpturen & Kunstobjekte \u2713 Jetzt Innendekoration online kaufen!","breadcrumb":{"@id":"https:\/\/www.nonos.com\/en\/online-shop\/collections\/#breadcrumb"},"inLanguage":"en-US","potentialAction":[{"@type":"ReadAction","target":["https:\/\/www.nonos.com\/en\/online-shop\/collections\/"]}]},{"@type":"BreadcrumbList","@id":"https:\/\/www.nonos.com\/en\/online-shop\/collections\/#breadcrumb","itemListElement":[{"@type":"ListItem","position":1,"name":"Startseite","item":"https:\/\/www.nonos.com\/en\/"},{"@type":"ListItem","position":2,"name":"Collectible Art Objects","item":"https:\/\/www.nonos.com\/en\/online-shop\/"},{"@type":"ListItem","position":3,"name":"collections"}]},{"@type":"WebSite","@id":"https:\/\/www.nonos.com\/#website","url":"https:\/\/www.nonos.com\/","name":"www.nonos.com","description":"","publisher":{"@id":"https:\/\/www.nonos.com\/#organization"},"potentialAction":[{"@type":"SearchAction","target":{"@type":"EntryPoint","urlTemplate":"https:\/\/www.nonos.com\/?s={search_term_string}"},"query-input":{"@type":"PropertyValueSpecification","valueRequired":true,"valueName":"search_term_string"}}],"inLanguage":"en-US"},{"@type":"Organization","@id":"https:\/\/www.nonos.com\/#organization","name":"www.nonos.com","url":"https:\/\/www.nonos.com\/","logo":{"@type":"ImageObject","inLanguage":"en-US","@id":"https:\/\/www.nonos.com\/#\/schema\/logo\/image\/","url":"https:\/\/www.nonos.com\/wp-content\/uploads\/2021\/07\/Logo_Franziska-Mercedes_Welte_WEB_gold-fade1.png","contentUrl":"https:\/\/www.nonos.com\/wp-content\/uploads\/2021\/07\/Logo_Franziska-Mercedes_Welte_WEB_gold-fade1.png","width":818,"height":332,"caption":"www.nonos.com"},"image":{"@id":"https:\/\/www.nonos.com\/#\/schema\/logo\/image\/"},"sameAs":["https:\/\/www.facebook.com\/NonosWelte","https:\/\/x.com\/nonossisters","https:\/\/www.instagram.com\/nonos_sisters\/?hl=de","https:\/\/www.youtube.com\/channel\/UCCwb7Mg3M3RfH7p3lacC6eQ"]}]}},"_links":{"self":[{"href":"https:\/\/www.nonos.com\/en\/wp-json\/wp\/v2\/pages\/7725","targetHints":{"allow":["GET"]}}],"collection":[{"href":"https:\/\/www.nonos.com\/en\/wp-json\/wp\/v2\/pages"}],"about":[{"href":"https:\/\/www.nonos.com\/en\/wp-json\/wp\/v2\/types\/page"}],"author":[{"embeddable":true,"href":"https:\/\/www.nonos.com\/en\/wp-json\/wp\/v2\/users\/1"}],"replies":[{"embeddable":true,"href":"https:\/\/www.nonos.com\/en\/wp-json\/wp\/v2\/comments?post=7725"}],"version-history":[{"count":2,"href":"https:\/\/www.nonos.com\/en\/wp-json\/wp\/v2\/pages\/7725\/revisions"}],"predecessor-version":[{"id":7728,"href":"https:\/\/www.nonos.com\/en\/wp-json\/wp\/v2\/pages\/7725\/revisions\/7728"}],"up":[{"embeddable":true,"href":"https:\/\/www.nonos.com\/en\/wp-json\/wp\/v2\/pages\/4601"}],"wp:attachment":[{"href":"https:\/\/www.nonos.com\/en\/wp-json\/wp\/v2\/media?parent=7725"}],"curies":[{"name":"wp","href":"https:\/\/api.w.org\/{rel}","templated":true}]}}